{"id":7518,"date":"2020-11-19T17:35:40","date_gmt":"2020-11-19T15:35:40","guid":{"rendered":"https:\/\/www.whitecatwedding.com\/it\/?page_id=7518"},"modified":"2023-01-28T16:59:41","modified_gmt":"2023-01-28T15:59:41","slug":"ricerca-location","status":"publish","type":"page","link":"https:\/\/whitecatwedding.com\/it\/ricerca-location\/","title":{"rendered":"Ricerca location"},"content":{"rendered":"<p>[et_pb_section fb_built=&#8221;1&#8243; _builder_version=&#8221;4.16&#8243; custom_padding=&#8221;||4px|||&#8221; global_colors_info=&#8221;{}&#8221;][et_pb_row _builder_version=&#8221;4.19.4&#8243; _module_preset=&#8221;default&#8221; global_colors_info=&#8221;{}&#8221;][et_pb_column type=&#8221;4_4&#8243; _builder_version=&#8221;4.19.4&#8243; _module_preset=&#8221;default&#8221; global_colors_info=&#8221;{}&#8221;][et_pb_text _builder_version=&#8221;4.19.4&#8243; _module_preset=&#8221;default&#8221; global_colors_info=&#8221;{}&#8221;]<\/p>\n<h1 style=\"text-align: center\"><strong>ricerca location<\/strong><\/h1>\n<p>[\/et_pb_text][et_pb_divider color=&#8221;gcid-59cad52b-cd45-4ffb-a146-86369b491fb7&#8243; _builder_version=&#8221;4.19.4&#8243; _module_preset=&#8221;default&#8221; width=&#8221;75%&#8221; module_alignment=&#8221;center&#8221; custom_margin=&#8221;0px||0px||false|false&#8221; custom_padding=&#8221;0px||0px||false|false&#8221; locked=&#8221;off&#8221; global_colors_info=&#8221;{%22gcid-59cad52b-cd45-4ffb-a146-86369b491fb7%22:%91%22color%22%93}&#8221;][\/et_pb_divider][et_pb_text _builder_version=&#8221;4.19.4&#8243; _module_preset=&#8221;default&#8221; text_font=&#8221;Holy Light|||on|||||&#8221; text_text_color=&#8221;gcid-59cad52b-cd45-4ffb-a146-86369b491fb7&#8243; text_font_size=&#8221;22px&#8221; header_3_text_color=&#8221;gcid-59cad52b-cd45-4ffb-a146-86369b491fb7&#8243; custom_margin=&#8221;0px||0px||false|false&#8221; custom_padding=&#8221;0px||0px||false|false&#8221; locked=&#8221;off&#8221; global_colors_info=&#8221;{%22gcid-59cad52b-cd45-4ffb-a146-86369b491fb7%22:%91%22header_3_text_color%22,%22text_text_color%22%93}&#8221;]<\/p>\n<div id=\"page_caption\" class=\"  \">\n<div class=\"page_title_wrapper\">\n<div class=\"page_title_inner\">\n<div class=\"page_tagline\" style=\"text-align: center\">ALLA RICERCA DELLA CORNICE PERFETTA<\/div>\n<\/div>\n<\/div>\n<\/div>\n<p>[\/et_pb_text][\/et_pb_column][\/et_pb_row][et_pb_row _builder_version=&#8221;4.19.4&#8243; _module_preset=&#8221;default&#8221; global_colors_info=&#8221;{}&#8221;][et_pb_column type=&#8221;4_4&#8243; _builder_version=&#8221;4.19.4&#8243; _module_preset=&#8221;default&#8221; global_colors_info=&#8221;{}&#8221;][et_pb_text _builder_version=&#8221;4.19.4&#8243; _module_preset=&#8221;default&#8221; global_colors_info=&#8221;{}&#8221;]<\/p>\n<p class=\"p1\"><span class=\"s1\">La <strong>ricerca della location\u00a0perfetta per il\u00a0matrimonio<\/strong>\u00a0\u00e8 sempre il <strong>primo step<\/strong> <strong>della fase organizzativa<\/strong>, e spesso \u00e8 anche quello pi\u00f9 lungo e complicato, che si traduce in serate passate su Google, mail mandate ad orari impossibili, infinite attese di risposte (<em>che a volte non arrivano mai<\/em>), e week end destinati a tour tra ville, agriturismi, castelli, ristoranti\u2026<\/span><\/p>\n<p class=\"p1\"><span class=\"s1\"><strong>Una fase dell\u2019organizzazione ancora pi\u00f9 impegnativa per chi vive all\u2019estero<\/strong> o lontano dal luogo in cui vorrebbe festeggiare.<\/span><\/p>\n<p class=\"p1\"><span class=\"s1\">Da qui nasce il mio\u00a0<strong>servizio di Ricerca Location<\/strong>\u00a0in cui <strong>sono io ad effettuare per voi la ricerca del luogo perfetto<\/strong>, sulla base delle vostre necessit\u00e0 e dei vostri gusti. Un\u2019estensione dei vostri occhi.<\/span><\/p>\n<p>[\/et_pb_text][\/et_pb_column][\/et_pb_row][\/et_pb_section][et_pb_section fb_built=&#8221;1&#8243; _builder_version=&#8221;4.19.4&#8243; _module_preset=&#8221;default&#8221; background_color=&#8221;rgba(0,0,0,0.55)&#8221; background_image=&#8221;https:\/\/whitecatwedding.com\/it\/wp-content\/uploads\/sites\/3\/2023\/01\/alina-marc-gettingready-81.webp&#8221; background_blend=&#8221;darken&#8221; global_colors_info=&#8221;{}&#8221;][et_pb_row _builder_version=&#8221;4.19.4&#8243; _module_preset=&#8221;default&#8221; global_colors_info=&#8221;{}&#8221;][et_pb_column type=&#8221;4_4&#8243; _builder_version=&#8221;4.19.4&#8243; _module_preset=&#8221;default&#8221; global_colors_info=&#8221;{}&#8221;][et_pb_text _builder_version=&#8221;4.19.4&#8243; _module_preset=&#8221;default&#8221; header_text_color=&#8221;#FFFFFF&#8221; header_2_text_color=&#8221;#FFFFFF&#8221; global_colors_info=&#8221;{}&#8221;]<\/p>\n<h2 style=\"text-align: center\">il servizio di ricerca location include:<\/h2>\n<p>[\/et_pb_text][\/et_pb_column][\/et_pb_row][et_pb_row column_structure=&#8221;1_3,1_3,1_3&#8243; _builder_version=&#8221;4.19.4&#8243; _module_preset=&#8221;default&#8221; global_colors_info=&#8221;{}&#8221;][et_pb_column type=&#8221;1_3&#8243; _builder_version=&#8221;4.19.4&#8243; _module_preset=&#8221;default&#8221; global_colors_info=&#8221;{}&#8221;][et_pb_text _builder_version=&#8221;4.19.4&#8243; _module_preset=&#8221;default&#8221; header_text_color=&#8221;#FFFFFF&#8221; header_2_text_color=&#8221;#FFFFFF&#8221; header_3_text_color=&#8221;#FFFFFF&#8221; global_colors_info=&#8221;{}&#8221;]<\/p>\n<h3><img loading=\"lazy\" decoding=\"async\" src=\"https:\/\/whitecatwedding.com\/it\/wp-content\/uploads\/sites\/3\/2023\/01\/Scintillio-bianco-20x20-300.png\" width=\"20\" height=\"20\" alt=\"\" class=\"wp-image-10109 alignnone size-full\" title=\"\">\u00a0consulenza<\/h3>\n<p>[\/et_pb_text][et_pb_text _builder_version=&#8221;4.19.4&#8243; _module_preset=&#8221;default&#8221; text_text_color=&#8221;#FFFFFF&#8221; global_colors_info=&#8221;{}&#8221;]<\/p>\n<ul>\n<li><strong>B<\/strong><span class=\"s1\"><strong>riefing<\/strong> <strong>con la coppia<\/strong> per individuazione di gusti, desideri e delle necessit\u00e0 della stessa<\/span><\/li>\n<\/ul>\n<p>[\/et_pb_text][\/et_pb_column][et_pb_column type=&#8221;1_3&#8243; _builder_version=&#8221;4.19.4&#8243; _module_preset=&#8221;default&#8221; global_colors_info=&#8221;{}&#8221;][et_pb_text _builder_version=&#8221;4.19.4&#8243; _module_preset=&#8221;default&#8221; header_2_text_color=&#8221;#FFFFFF&#8221; header_3_text_color=&#8221;#FFFFFF&#8221; global_colors_info=&#8221;{}&#8221;]<\/p>\n<h3><img loading=\"lazy\" decoding=\"async\" src=\"https:\/\/whitecatwedding.com\/it\/wp-content\/uploads\/sites\/3\/2023\/01\/Scintillio-bianco-20x20-300.png\" width=\"20\" height=\"20\" alt=\"\" class=\"wp-image-10109 alignnone size-full\" title=\"\">\u00a0ricerca<\/h3>\n<p>[\/et_pb_text][et_pb_text _builder_version=&#8221;4.19.5&#8243; _module_preset=&#8221;default&#8221; text_text_color=&#8221;#FFFFFF&#8221; hover_enabled=&#8221;0&#8243; global_colors_info=&#8221;{}&#8221; sticky_enabled=&#8221;0&#8243;]<\/p>\n<ul class=\"ul1\">\n<li class=\"li1\"><strong>R<\/strong><span class=\"s1\"><strong>icerca location<\/strong> sullo stile indicato dalla coppia nelle zone concordate, per il periodo concordato<\/span><\/li>\n<\/ul>\n<ul class=\"ul1\">\n<li class=\"li1\"><span class=\"s1\"><strong>Individuazione<\/strong> <strong>fino a 8 location<\/strong> e <strong>presentazione alla coppia<\/strong> delle stesse con relativi dettagli e disponibilit\u00e0<\/span><\/li>\n<\/ul>\n<p>[\/et_pb_text][\/et_pb_column][et_pb_column type=&#8221;1_3&#8243; _builder_version=&#8221;4.19.4&#8243; _module_preset=&#8221;default&#8221; global_colors_info=&#8221;{}&#8221;][et_pb_text _builder_version=&#8221;4.19.4&#8243; _module_preset=&#8221;default&#8221; header_2_text_color=&#8221;#FFFFFF&#8221; header_3_text_color=&#8221;#FFFFFF&#8221; global_colors_info=&#8221;{}&#8221;]<\/p>\n<h3><img loading=\"lazy\" decoding=\"async\" src=\"https:\/\/whitecatwedding.com\/it\/wp-content\/uploads\/sites\/3\/2023\/01\/Scintillio-bianco-20x20-300.png\" width=\"20\" height=\"20\" alt=\"\" class=\"wp-image-10109 alignnone size-full\" title=\"\">\u00a0sopralluoghi<\/h3>\n<p>[\/et_pb_text][et_pb_text _builder_version=&#8221;4.19.4&#8243; _module_preset=&#8221;default&#8221; text_text_color=&#8221;#FFFFFF&#8221; global_colors_info=&#8221;{}&#8221;]<\/p>\n<ul>\n<li>\n<p class=\"p1\"><span class=\"s1\"><strong>Una giornata di sopralluoghi<\/strong> per visitare le 3 location preferite tra quelle presentate<\/span><\/p>\n<\/li>\n<\/ul>\n<p>[\/et_pb_text][\/et_pb_column][\/et_pb_row][et_pb_row column_structure=&#8221;1_3,1_3,1_3&#8243; _builder_version=&#8221;4.19.4&#8243; _module_preset=&#8221;default&#8221; global_colors_info=&#8221;{}&#8221;][et_pb_column type=&#8221;1_3&#8243; _builder_version=&#8221;4.19.4&#8243; _module_preset=&#8221;default&#8221; global_colors_info=&#8221;{}&#8221;][et_pb_text _builder_version=&#8221;4.19.4&#8243; _module_preset=&#8221;default&#8221; header_text_color=&#8221;#FFFFFF&#8221; header_2_text_color=&#8221;#FFFFFF&#8221; header_3_text_color=&#8221;#FFFFFF&#8221; global_colors_info=&#8221;{}&#8221;]<\/p>\n<h3><img loading=\"lazy\" decoding=\"async\" src=\"https:\/\/whitecatwedding.com\/it\/wp-content\/uploads\/sites\/3\/2023\/01\/Scintillio-bianco-20x20-300.png\" width=\"20\" height=\"20\" alt=\"\" class=\"wp-image-10109 alignnone size-full\" title=\"\">\u00a0supporto<\/h3>\n<p>[\/et_pb_text][et_pb_text _builder_version=&#8221;4.19.4&#8243; _module_preset=&#8221;default&#8221; text_text_color=&#8221;#FFFFFF&#8221; global_colors_info=&#8221;{}&#8221;]<\/p>\n<ul>\n<li>\n<p class=\"p1\"><strong>S<\/strong><span class=\"s1\"><strong>upporto<\/strong> <strong>nella conferma e stipulazione del contratto<\/strong> con la location scelta<\/span><\/p>\n<\/li>\n<\/ul>\n<p>[\/et_pb_text][\/et_pb_column][et_pb_column type=&#8221;1_3&#8243; _builder_version=&#8221;4.19.4&#8243; _module_preset=&#8221;default&#8221; global_colors_info=&#8221;{}&#8221;][\/et_pb_column][et_pb_column type=&#8221;1_3&#8243; _builder_version=&#8221;4.19.4&#8243; _module_preset=&#8221;default&#8221; global_colors_info=&#8221;{}&#8221;][\/et_pb_column][\/et_pb_row][\/et_pb_section][et_pb_section fb_built=&#8221;1&#8243; _builder_version=&#8221;4.19.4&#8243; _module_preset=&#8221;default&#8221; global_colors_info=&#8221;{}&#8221;][et_pb_row _builder_version=&#8221;4.19.4&#8243; _module_preset=&#8221;default&#8221; global_colors_info=&#8221;{}&#8221;][et_pb_column type=&#8221;4_4&#8243; _builder_version=&#8221;4.19.4&#8243; _module_preset=&#8221;default&#8221; global_colors_info=&#8221;{}&#8221;][et_pb_text _builder_version=&#8221;4.19.4&#8243; _module_preset=&#8221;default&#8221; global_colors_info=&#8221;{}&#8221;]<\/p>\n<p class=\"p1\">Il<strong> servizio di ricerca location<\/strong> pu\u00f2 anche essere <strong>integrato<\/strong> <strong>successivamente<\/strong> <strong>con il servizio completo <a href=\"https:\/\/www.whitecatwedding.com\/it\/wedding\/\">Full Wedding Planning &amp; Styling<\/a>.<\/strong><\/p>\n<p class=\"p1\"><strong><a href=\"https:\/\/www.whitecatwedding.com\/it\/contatti\/\">Contattami<\/a><\/strong> per fissare una prima video call conoscitiva.<\/p>\n<p>[\/et_pb_text][\/et_pb_column][\/et_pb_row][\/et_pb_section]<\/p>\n","protected":false},"excerpt":{"rendered":"<p>ricerca location ALLA RICERCA DELLA CORNICE PERFETTA La ricerca della location\u00a0perfetta per il\u00a0matrimonio\u00a0\u00e8 sempre il primo step della fase organizzativa, e spesso \u00e8 anche quello pi\u00f9 lungo e complicato, che si traduce in serate passate su Google, mail mandate ad orari impossibili, infinite attese di risposte (che a volte non arrivano mai), e week end [&hellip;]<\/p>\n","protected":false},"author":1,"featured_media":0,"parent":0,"menu_order":0,"comment_status":"closed","ping_status":"closed","template":"","meta":{"_et_pb_use_builder":"on","_et_pb_old_content":"<div class=\"one withsmallpadding ppb_text\" style=\"padding:30px 0 30px 0\"><div class=\"standard_wrapper\"><div class=\"page_content_wrapper\"><div class=\"inner\"><div style=\"margin:auto;width:100%\"><p><img loading=\"lazy\" class=\"aligncenter wp-image-7519 size-medium\" src=\"https:\/\/whitecatwedding.com\/it\/wp-content\/uploads\/sites\/3\/2020\/11\/mappe-300x300.jpg\" alt=\"\" width=\"300\" height=\"300\" \/><\/p>\n<p><!--more--><\/p>\n<p><!--more--><\/p>\n<p><strong>La ricerca della location<\/strong> perfetta per il <strong>matrimonio<\/strong> \u00e8 sempre il primo step da affrontare nella fase organizzativa, e spesso \u00e8 anche quello pi\u00f9 lungo e complicato, che si traduce in serate passate su Google, mail mandate ad orari impossibili, infinite attese di risposte (che a volte non arrivano mai), e week end destinati a tour tra ville, agriturismi, castelli, ristoranti&#8230;<\/p>\n<p>Una fase dell&#8217;organizzazione ancora pi\u00f9 impegnativa per chi vive all&#8217;estero o lontano dal luogo in cui vorrebbe festeggiare.<\/p>\n<p>Da qui nasce il mio <strong>servizio di Ricerca Location<\/strong> in cui sar\u00f2 io ad effettuare per voi la ricerca del luogo perfetto, sulla base delle vostre necessit\u00e0 e dei vostri gusti. Sar\u00f2 un&#8217;estensione dei vostri occhi.<\/p>\n<\/div><\/div><\/div><\/div><\/div>\n<div class=\"one withsmallpadding ppb_text\" style=\"padding:30px 0 30px 0\"><div class=\"standard_wrapper\"><div class=\"page_content_wrapper\"><div class=\"inner\"><div style=\"margin:auto;width:100%\"><p><img loading=\"lazy\" class=\"aligncenter wp-image-7519 size-medium\" src=\"https:\/\/whitecatwedding.com\/it\/wp-content\/uploads\/sites\/3\/2020\/11\/mappe-300x300.jpg\" alt=\"\" width=\"300\" height=\"300\" \/><\/p>\n<p><!--more--><\/p>\n<p><!--more--><\/p>\n<p><strong>La ricerca della location<\/strong> perfetta per il <strong>matrimonio<\/strong> \u00e8 sempre il primo step da affrontare nella fase organizzativa, e spesso \u00e8 anche quello pi\u00f9 lungo e complicato, che si traduce in serate passate su Google, mail mandate ad orari impossibili, infinite attese di risposte (che a volte non arrivano mai), e week end destinati a tour tra ville, agriturismi, castelli, ristoranti&#8230;<\/p>\n<p>Una fase dell&#8217;organizzazione ancora pi\u00f9 impegnativa per chi vive all&#8217;estero o lontano dal luogo in cui vorrebbe festeggiare.<\/p>\n<p>Da qui nasce il mio <strong>servizio di Ricerca Location<\/strong> in cui sar\u00f2 io ad effettuare per voi la ricerca del luogo perfetto, sulla base delle vostre necessit\u00e0 e dei vostri gusti. Sar\u00f2 un&#8217;estensione dei vostri occhi.<\/p>\n<\/div><\/div><\/div><\/div><\/div>\n<div class=\"one withsmallpadding ppb_text\" style=\"padding:30px 0 30px 0\"><div class=\"standard_wrapper\"><div class=\"page_content_wrapper\"><div class=\"inner\"><div style=\"margin:auto;width:100%\"><p><span style=\"color: #000000\"><strong>Come funziona il servizio di ricerca location?<\/strong><\/span><\/p>\n<p><span style=\"color: #000000\">Il <strong>primo step<\/strong> \u00e8 un <strong>appuntamento o una call insieme<\/strong> in cui parleremo di dove vi vorreste sposare (area geografica), dei vostri gusti, dello stile che avete in mente per il vostro matrimonio, del numero ipotetico degli ospiti e di tutte quelle <strong>informazioni necessarie e utili ad effettuare una ricerca mirata ed efficace<\/strong>.<\/span><\/p>\n<p><span style=\"color: #000000\">Cosa succede dopo? Che tocca a me! Inizier\u00f2 la mia ricerca tra location gi\u00e0 conosciute e location nuove ma perfette per voi e vi sottoporr\u00f2 una <strong>selezione di 6\/10 strutture con relative informazioni, facilmente comparabili, immagini e video<\/strong> (se disponibili).<\/span><\/p>\n<p><span style=\"color: #000000\">Successivamente <strong>effettueremo insieme un sopralluogo nelle 3\/4 location che preferite<\/strong> cos\u00ec che possiate vederle dal vivo, e capire a pelle quale \u00e8 quella per voi!<\/span><br \/>\n<strong><span style=\"color: #000000\">E se non \u00e8 possibile effettuare un sopralluogo dal vivo insieme? <\/span><\/strong><span style=\"color: #000000\">Nessun problema, <\/span><strong><span style=\"color: #000000\">sar\u00f2 io ad andare in location per voi<\/span><\/strong><span style=\"color: #000000\">, e potrete vedere gli spazi con un <\/span><strong><span style=\"color: #000000\">virtual tour in diretta <\/span><\/strong><span style=\"color: #000000\">o realizzer\u00f2 per voi <\/span><strong><span style=\"color: #000000\">video panoramici.<\/span><\/strong><\/p>\n<p><span style=\"color: #000000\">Vi supporter\u00f2 anche nella parte contrattualistica e di pagamenti con la location.<\/span><\/p>\n<p><span style=\"color: #000000\">Ma non \u00e8 tutto&#8230;.<strong>il servizio di ricerca location pu\u00f2 essere acquistato da solo <\/strong>oppure<strong> pu\u00f2 anticipare il servizio di <a href=\"https:\/\/www.whitecatwedding.com\/it\/wedding\/\">full wedding planning,<\/a> da cui ne verr\u00e0 scalato il costo<\/strong>.\u00a0<\/span><\/p>\n<p><span style=\"color: #000000\">Il servizio di ricerca location \u00e8 valido per<strong> tutto il Nord di Italia<\/strong> ed in particolare per <strong>Lombardia, Veneto e Trentino Alto Adige<\/strong>.<\/span><\/p>\n<p><span style=\"color: #000000\"><strong>Per informazioni relative al costo del servizio di ricerca location <a href=\"https:\/\/www.whitecatwedding.com\/it\/contatti\/\">contattami<\/a><\/strong> e ti invier\u00f2 tutto via email!<\/span><\/p>\n<\/div><\/div><\/div><\/div><\/div>\n","_et_gb_content_width":"","footnotes":""},"class_list":["post-7518","page","type-page","status-publish","hentry"],"_links":{"self":[{"href":"https:\/\/whitecatwedding.com\/it\/wp-json\/wp\/v2\/pages\/7518","targetHints":{"allow":["GET"]}}],"collection":[{"href":"https:\/\/whitecatwedding.com\/it\/wp-json\/wp\/v2\/pages"}],"about":[{"href":"https:\/\/whitecatwedding.com\/it\/wp-json\/wp\/v2\/types\/page"}],"author":[{"embeddable":true,"href":"https:\/\/whitecatwedding.com\/it\/wp-json\/wp\/v2\/users\/1"}],"replies":[{"embeddable":true,"href":"https:\/\/whitecatwedding.com\/it\/wp-json\/wp\/v2\/comments?post=7518"}],"version-history":[{"count":9,"href":"https:\/\/whitecatwedding.com\/it\/wp-json\/wp\/v2\/pages\/7518\/revisions"}],"predecessor-version":[{"id":10209,"href":"https:\/\/whitecatwedding.com\/it\/wp-json\/wp\/v2\/pages\/7518\/revisions\/10209"}],"wp:attachment":[{"href":"https:\/\/whitecatwedding.com\/it\/wp-json\/wp\/v2\/media?parent=7518"}],"curies":[{"name":"wp","href":"https:\/\/api.w.org\/{rel}","templated":true}]}}